{"id":3467,"date":"2021-10-14T11:15:10","date_gmt":"2021-10-14T11:15:10","guid":{"rendered":"https:\/\/brok.qodeinteractive.com\/?page_id=1145"},"modified":"2024-08-31T18:19:23","modified_gmt":"2024-08-31T16:19:23","slug":"about-me","status":"publish","type":"page","link":"https:\/\/alain-paroutaud.fr\/index.php\/about-me\/","title":{"rendered":"About me"},"content":{"rendered":"\t\t<div data-elementor-type=\"wp-page\" data-elementor-id=\"3467\" class=\"elementor elementor-3467\">\n\t\t\t\t\t\t\t\t\t<section class=\"elementor-section elementor-top-section elementor-element elementor-element-d9acd7c elementor-section-full_width qodef-elementor-content-grid elementor-section-height-default elementor-section-height-default\" data-id=\"d9acd7c\" data-element_type=\"section\">\n\t\t\t\t\t\t<div class=\"elementor-container elementor-column-gap-default\">\n\t\t\t\t\t<div class=\"elementor-column elementor-col-50 elementor-top-column elementor-element elementor-element-98b5d20\" data-id=\"98b5d20\" data-element_type=\"column\">\n\t\t\t<div class=\"elementor-widget-wrap elementor-element-populated\">\n\t\t\t\t\t\t\t\t<div class=\"elementor-element elementor-element-535f418 elementor-widget elementor-widget-brok_core_section_title\" data-id=\"535f418\" data-element_type=\"widget\" data-widget_type=\"brok_core_section_title.default\">\n\t\t\t\t<div class=\"elementor-widget-container\">\n\t\t\t<div class=\"qodef-shortcode qodef-m  qodef-section-title qodef-alignment--left \">\n\t\t<h2 class=\"qodef-m-title\" >\n\t\t\t\t\tParcours\t\t\t<\/h2>\n\t\t<p class=\"qodef-m-text\" >1969 - Bac litt\u00e9raire\n<\/p>\n<\/div>\n\t\t<\/div>\n\t\t\t\t<\/div>\n\t\t\t\t<div class=\"elementor-element elementor-element-318b03e elementor-widget elementor-widget-brok_core_section_title\" data-id=\"318b03e\" data-element_type=\"widget\" data-widget_type=\"brok_core_section_title.default\">\n\t\t\t\t<div class=\"elementor-widget-container\">\n\t\t\t<div class=\"qodef-shortcode qodef-m  qodef-section-title qodef-alignment--left \">\n\t\t\t<p class=\"qodef-m-text\" >1970 - Service Militaire<\/p>\n<\/div>\n\t\t<\/div>\n\t\t\t\t<\/div>\n\t\t\t\t<div class=\"elementor-element elementor-element-6de3610 elementor-widget elementor-widget-brok_core_section_title\" data-id=\"6de3610\" data-element_type=\"widget\" data-widget_type=\"brok_core_section_title.default\">\n\t\t\t\t<div class=\"elementor-widget-container\">\n\t\t\t<div class=\"qodef-shortcode qodef-m  qodef-section-title qodef-alignment--left \">\n\t\t\t<p class=\"qodef-m-text\" >1971 - Cours Charpentier : pr\u00e9paration concours E.N.S.A.D. (Re\u00e7u 2\u00b0)<\/p>\n<\/div>\n\t\t<\/div>\n\t\t\t\t<\/div>\n\t\t\t\t<div class=\"elementor-element elementor-element-afa1273 elementor-widget elementor-widget-brok_core_section_title\" data-id=\"afa1273\" data-element_type=\"widget\" data-widget_type=\"brok_core_section_title.default\">\n\t\t\t\t<div class=\"elementor-widget-container\">\n\t\t\t<div class=\"qodef-shortcode qodef-m  qodef-section-title qodef-alignment--left \">\n\t\t\t<p class=\"qodef-m-text\" >1971 \u00e0 1975 - E.N.S.A.D. (Ecole Nationale Sup\u00e9rieure des Arts D\u00e9coratifs)<\/p>\n<\/div>\n\t\t<\/div>\n\t\t\t\t<\/div>\n\t\t\t\t\t<\/div>\n\t\t<\/div>\n\t\t\t\t<div class=\"elementor-column elementor-col-50 elementor-top-column elementor-element elementor-element-ea2e881\" data-id=\"ea2e881\" data-element_type=\"column\">\n\t\t\t<div class=\"elementor-widget-wrap elementor-element-populated\">\n\t\t\t\t\t\t\t\t<div class=\"elementor-element elementor-element-c5dcee7 elementor-widget elementor-widget-brok_core_section_title\" data-id=\"c5dcee7\" data-element_type=\"widget\" data-widget_type=\"brok_core_section_title.default\">\n\t\t\t\t<div class=\"elementor-widget-container\">\n\t\t\t<div class=\"qodef-shortcode qodef-m  qodef-section-title qodef-alignment--left \">\n\t\t<h2 class=\"qodef-m-title\" >\n\t\t\t\t\tExpertises\t\t\t<\/h2>\n\t\t<p class=\"qodef-m-text\" >Chef d\u00e9corateur\n<\/p>\n<\/div>\n\t\t<\/div>\n\t\t\t\t<\/div>\n\t\t\t\t<div class=\"elementor-element elementor-element-815edb5 elementor-widget elementor-widget-brok_core_section_title\" data-id=\"815edb5\" data-element_type=\"widget\" data-widget_type=\"brok_core_section_title.default\">\n\t\t\t\t<div class=\"elementor-widget-container\">\n\t\t\t<div class=\"qodef-shortcode qodef-m  qodef-section-title qodef-alignment--left \">\n\t\t\t<p class=\"qodef-m-text\" >Directeur Artistique<\/p>\n<\/div>\n\t\t<\/div>\n\t\t\t\t<\/div>\n\t\t\t\t<div class=\"elementor-element elementor-element-1942c26 elementor-widget elementor-widget-brok_core_section_title\" data-id=\"1942c26\" data-element_type=\"widget\" data-widget_type=\"brok_core_section_title.default\">\n\t\t\t\t<div class=\"elementor-widget-container\">\n\t\t\t<div class=\"qodef-shortcode qodef-m  qodef-section-title qodef-alignment--left \">\n\t\t\t<p class=\"qodef-m-text\" >Ensemblier<\/p>\n<\/div>\n\t\t<\/div>\n\t\t\t\t<\/div>\n\t\t\t\t<div class=\"elementor-element elementor-element-cf2c0f1 elementor-widget elementor-widget-brok_core_section_title\" data-id=\"cf2c0f1\" data-element_type=\"widget\" data-widget_type=\"brok_core_section_title.default\">\n\t\t\t\t<div class=\"elementor-widget-container\">\n\t\t\t<div class=\"qodef-shortcode qodef-m  qodef-section-title qodef-alignment--left \">\n\t\t\t<p class=\"qodef-m-text\" >Photographe<\/p>\n<\/div>\n\t\t<\/div>\n\t\t\t\t<\/div>\n\t\t\t\t<div class=\"elementor-element elementor-element-598c502 elementor-widget elementor-widget-brok_core_section_title\" data-id=\"598c502\" data-element_type=\"widget\" data-widget_type=\"brok_core_section_title.default\">\n\t\t\t\t<div class=\"elementor-widget-container\">\n\t\t\t<div class=\"qodef-shortcode qodef-m  qodef-section-title qodef-alignment--left \">\n\t\t\t<p class=\"qodef-m-text\" >Accessoiriste<\/p>\n<\/div>\n\t\t<\/div>\n\t\t\t\t<\/div>\n\t\t\t\t\t<\/div>\n\t\t<\/div>\n\t\t\t\t\t\t\t<\/div>\n\t\t<\/section>\n\t\t\t\t<section class=\"elementor-section elementor-top-section elementor-element elementor-element-d55038b elementor-section-full_width qodef-elementor-content-grid elementor-section-height-default elementor-section-height-default\" data-id=\"d55038b\" data-element_type=\"section\">\n\t\t\t\t\t\t<div class=\"elementor-container elementor-column-gap-default\">\n\t\t\t\t\t<div class=\"elementor-column elementor-col-100 elementor-top-column elementor-element elementor-element-da446ee\" data-id=\"da446ee\" data-element_type=\"column\">\n\t\t\t<div class=\"elementor-widget-wrap elementor-element-populated\">\n\t\t\t\t\t\t\t\t<div class=\"elementor-element elementor-element-20d6225 elementor-widget elementor-widget-brok_core_section_title\" data-id=\"20d6225\" data-element_type=\"widget\" data-widget_type=\"brok_core_section_title.default\">\n\t\t\t\t<div class=\"elementor-widget-container\">\n\t\t\t<div class=\"qodef-shortcode qodef-m  qodef-section-title qodef-alignment--left \">\n\t\t\t<p class=\"qodef-m-text\" >Carte professionnelle num\u00e9ro 7137 de \u02ddChef-D\u00e9corateur\u02dd d\u00e9livr\u00e9e par le Centre National de la Cin\u00e9matographie<\/p>\n<\/div>\n\t\t<\/div>\n\t\t\t\t<\/div>\n\t\t\t\t\t<\/div>\n\t\t<\/div>\n\t\t\t\t\t\t\t<\/div>\n\t\t<\/section>\n\t\t\t\t\t\t\t<\/div>\n\t\t","protected":false},"excerpt":{"rendered":"<p>Parcours 1969 &#8211; Bac litt\u00e9raire 1970 &#8211; Service Militaire 1971 &#8211; Cours Charpentier : pr\u00e9paration concours E.N.S.A.D. (Re\u00e7u 2\u00b0) 1971 \u00e0 1975 &#8211; E.N.S.A.D. (Ecole Nationale Sup\u00e9rieure des Arts D\u00e9coratifs) Expertises Chef d\u00e9corateur Directeur Artistique Ensemblier Photographe Accessoiriste Carte professionnelle num\u00e9ro 7137 de \u02ddChef-D\u00e9corateur\u02dd d\u00e9livr\u00e9e par le Centre National de la Cin\u00e9matographie<\/p>\n","protected":false},"author":1,"featured_media":0,"parent":0,"menu_order":0,"comment_status":"closed","ping_status":"closed","template":"page-full-width.php","meta":{"footnotes":""},"class_list":["post-3467","page","type-page","status-publish","hentry"],"_links":{"self":[{"href":"https:\/\/alain-paroutaud.fr\/index.php\/wp-json\/wp\/v2\/pages\/3467","targetHints":{"allow":["GET"]}}],"collection":[{"href":"https:\/\/alain-paroutaud.fr\/index.php\/wp-json\/wp\/v2\/pages"}],"about":[{"href":"https:\/\/alain-paroutaud.fr\/index.php\/wp-json\/wp\/v2\/types\/page"}],"author":[{"embeddable":true,"href":"https:\/\/alain-paroutaud.fr\/index.php\/wp-json\/wp\/v2\/users\/1"}],"replies":[{"embeddable":true,"href":"https:\/\/alain-paroutaud.fr\/index.php\/wp-json\/wp\/v2\/comments?post=3467"}],"version-history":[{"count":12,"href":"https:\/\/alain-paroutaud.fr\/index.php\/wp-json\/wp\/v2\/pages\/3467\/revisions"}],"predecessor-version":[{"id":7113,"href":"https:\/\/alain-paroutaud.fr\/index.php\/wp-json\/wp\/v2\/pages\/3467\/revisions\/7113"}],"wp:attachment":[{"href":"https:\/\/alain-paroutaud.fr\/index.php\/wp-json\/wp\/v2\/media?parent=3467"}],"curies":[{"name":"wp","href":"https:\/\/api.w.org\/{rel}","templated":true}]}}